{"id":306,"date":"2025-07-02T10:36:09","date_gmt":"2025-07-02T08:36:09","guid":{"rendered":"https:\/\/walkernihonranger.com\/?page_id=306"},"modified":"2025-08-17T07:56:19","modified_gmt":"2025-08-17T05:56:19","slug":"depense","status":"publish","type":"page","link":"https:\/\/walkernihonranger.com\/?page_id=306","title":{"rendered":"D\u00e9pense"},"content":{"rendered":"\n<!-- Bouton pour ouvrir le popup -->\n<button id=\"openPopup\" style=\"padding:10px 20px; cursor:pointer; background-color:#4CAF50; color:white; border:none; border-radius:5px; font-size:16px;\">\n  D\u00e9penses juillet 2025\n<\/button>\n\n<!-- Popup -->\n<div id=\"sheetPopup\" style=\"\n    display:none;\n    position:fixed;\n    top:50%;\n    left:50%;\n    transform:translate(-50%, -50%);\n    width:90%;\n    max-width:900px;\n    height:80%;\n    background:white;\n    border:2px solid #333;\n    border-radius:8px;\n    box-shadow:0 0 15px rgba(0,0,0,0.3);\n    z-index:1000;\n    overflow:hidden;\n    padding:10px;\n    box-sizing:border-box;\">\n    \n    <!-- Barre de titre avec bouton fermer -->\n    <div style=\"background:#f1f1f1; padding:10px; font-weight:bold; display:flex; justify-content:space-between; align-items:center;\">\n        D\u00e9penses Juillet 2025\n        <button id=\"closePopup\" style=\"cursor:pointer; background-color:#f44336; color:white; border:none; border-radius:50%; width:30px; height:30px; font-size:18px; display:flex; justify-content:center; align-items:center;\">\u00d7<\/button>\n    <\/div>\n    \n    <!-- Iframe Google Sheet -->\n    <iframe \n        src=\"https:\/\/docs.google.com\/spreadsheets\/d\/e\/2PACX-1vQ1c6wt-jRnrWg8saXbD_B7f3S4ehSv2XH7iBxCnUp0NmtMHKP5QUoLNzKeJfF4Nw\/pubhtml?gid=2058788648&#038;single=true\" \n        style=\"width:100%; height:calc(100% - 40px); border:none;\">\n    <\/iframe>\n<\/div>\n\n<!-- Script pour ouvrir\/fermer le popup -->\n<script>\n    const openBtn = document.getElementById('openPopup');\n    const closeBtn = document.getElementById('closePopup');\n    const popup = document.getElementById('sheetPopup');\n\n    openBtn.addEventListener('click', () => { popup.style.display = 'block'; });\n    closeBtn.addEventListener('click', () => { popup.style.display = 'none'; });\n<\/script>\n\n\n\n\n<p><\/p>\n","protected":false},"excerpt":{"rendered":"<p>D\u00e9penses juillet 2025 D\u00e9penses Juillet 2025 \u00d7<\/p>\n","protected":false},"author":1,"featured_media":0,"parent":0,"menu_order":0,"comment_status":"closed","ping_status":"closed","template":"","meta":{"site-sidebar-layout":"default","site-content-layout":"","ast-site-content-layout":"default","site-content-style":"default","site-sidebar-style":"default","ast-global-header-display":"","ast-banner-title-visibility":"","ast-main-header-display":"","ast-hfb-above-header-display":"","ast-hfb-below-header-display":"","ast-hfb-mobile-header-display":"","site-post-title":"","ast-breadcrumbs-content":"","ast-featured-img":"","footer-sml-layout":"","theme-transparent-header-meta":"","adv-header-id-meta":"","stick-header-meta":"","header-above-stick-meta":"","header-main-stick-meta":"","header-below-stick-meta":"","astra-migrate-meta-layouts":"default","ast-page-background-enabled":"default","ast-page-background-meta":{"desktop":{"background-color":"var(--ast-global-color-5)","background-image":"","background-repeat":"repeat","background-position":"center center","background-size":"auto","background-attachment":"scroll","background-type":"","background-media":"","overlay-type":"","overlay-color":"","overlay-opacity":"","overlay-gradient":""},"tablet":{"background-color":"","background-image":"","background-repeat":"repeat","background-position":"center center","background-size":"auto","background-attachment":"scroll","background-type":"","background-media":"","overlay-type":"","overlay-color":"","overlay-opacity":"","overlay-gradient":""},"mobile":{"background-color":"","background-image":"","background-repeat":"repeat","background-position":"center center","background-size":"auto","background-attachment":"scroll","background-type":"","background-media":"","overlay-type":"","overlay-color":"","overlay-opacity":"","overlay-gradient":""}},"ast-content-background-meta":{"desktop":{"background-color":"var(--ast-global-color-4)","background-image":"","background-repeat":"repeat","background-position":"center center","background-size":"auto","background-attachment":"scroll","background-type":"","background-media":"","overlay-type":"","overlay-color":"","overlay-opacity":"","overlay-gradient":""},"tablet":{"background-color":"var(--ast-global-color-4)","background-image":"","background-repeat":"repeat","background-position":"center center","background-size":"auto","background-attachment":"scroll","background-type":"","background-media":"","overlay-type":"","overlay-color":"","overlay-opacity":"","overlay-gradient":""},"mobile":{"background-color":"var(--ast-global-color-4)","background-image":"","background-repeat":"repeat","background-position":"center center","background-size":"auto","background-attachment":"scroll","background-type":"","background-media":"","overlay-type":"","overlay-color":"","overlay-opacity":"","overlay-gradient":""}},"footnotes":""},"class_list":["post-306","page","type-page","status-publish","hentry"],"_links":{"self":[{"href":"https:\/\/walkernihonranger.com\/index.php?rest_route=\/wp\/v2\/pages\/306","targetHints":{"allow":["GET"]}}],"collection":[{"href":"https:\/\/walkernihonranger.com\/index.php?rest_route=\/wp\/v2\/pages"}],"about":[{"href":"https:\/\/walkernihonranger.com\/index.php?rest_route=\/wp\/v2\/types\/page"}],"author":[{"embeddable":true,"href":"https:\/\/walkernihonranger.com\/index.php?rest_route=\/wp\/v2\/users\/1"}],"replies":[{"embeddable":true,"href":"https:\/\/walkernihonranger.com\/index.php?rest_route=%2Fwp%2Fv2%2Fcomments&post=306"}],"version-history":[{"count":6,"href":"https:\/\/walkernihonranger.com\/index.php?rest_route=\/wp\/v2\/pages\/306\/revisions"}],"predecessor-version":[{"id":315,"href":"https:\/\/walkernihonranger.com\/index.php?rest_route=\/wp\/v2\/pages\/306\/revisions\/315"}],"wp:attachment":[{"href":"https:\/\/walkernihonranger.com\/index.php?rest_route=%2Fwp%2Fv2%2Fmedia&parent=306"}],"curies":[{"name":"wp","href":"https:\/\/api.w.org\/{rel}","templated":true}]}}